{"id":424,"date":"2023-01-25T22:40:00","date_gmt":"2023-01-25T20:40:00","guid":{"rendered":"https:\/\/winkelsett.de\/?page_id=424"},"modified":"2023-02-04T20:10:42","modified_gmt":"2023-02-04T18:10:42","slug":"ortsteile-und-geschichte","status":"publish","type":"page","link":"https:\/\/winkelsett.de\/?page_id=424","title":{"rendered":"Daten zur Gemeinde"},"content":{"rendered":"\t\t<div data-elementor-type=\"wp-page\" data-elementor-id=\"424\" class=\"elementor elementor-424\">\n\t\t\t\t\t\t<section class=\"elementor-section elementor-top-section elementor-element elementor-element-8337372 elementor-section-boxed elementor-section-height-default elementor-section-height-default\" data-id=\"8337372\" data-element_type=\"section\">\n\t\t\t\t\t\t<div class=\"elementor-container elementor-column-gap-default\">\n\t\t\t\t\t<div class=\"elementor-column elementor-col-100 elementor-top-column elementor-element elementor-element-2e10002\" data-id=\"2e10002\" data-element_type=\"column\">\n\t\t\t<div class=\"elementor-widget-wrap elementor-element-populated\">\n\t\t\t\t\t\t<div class=\"elementor-element elementor-element-ae9cc00 elementor-widget elementor-widget-heading\" data-id=\"ae9cc00\" data-element_type=\"widget\" data-widget_type=\"heading.default\">\n\t\t\t\t<div class=\"elementor-widget-container\">\n\t\t\t\t\t<h2 class=\"elementor-heading-title elementor-size-default\">Daten zur Gemeinde<\/h2>\t\t\t\t<\/div>\n\t\t\t\t<\/div>\n\t\t\t\t\t<\/div>\n\t\t<\/div>\n\t\t\t\t\t<\/div>\n\t\t<\/section>\n\t\t\t\t<section class=\"elementor-section elementor-top-section elementor-element elementor-element-93030fc elementor-section-boxed elementor-section-height-default elementor-section-height-default\" data-id=\"93030fc\" data-element_type=\"section\">\n\t\t\t\t\t\t<div class=\"elementor-container elementor-column-gap-default\">\n\t\t\t\t\t<div class=\"elementor-column elementor-col-100 elementor-top-column elementor-element elementor-element-87d536a\" data-id=\"87d536a\" data-element_type=\"column\">\n\t\t\t<div class=\"elementor-widget-wrap elementor-element-populated\">\n\t\t\t\t\t\t<section class=\"elementor-section elementor-inner-section elementor-element elementor-element-7a9c64d elementor-section-boxed elementor-section-height-default elementor-section-height-default\" data-id=\"7a9c64d\" data-element_type=\"section\">\n\t\t\t\t\t\t<div class=\"elementor-container elementor-column-gap-default\">\n\t\t\t\t\t<div class=\"elementor-column elementor-col-50 elementor-inner-column elementor-element elementor-element-75ffe11\" data-id=\"75ffe11\" data-element_type=\"column\">\n\t\t\t<div class=\"elementor-widget-wrap elementor-element-populated\">\n\t\t\t\t\t\t<div class=\"elementor-element elementor-element-dcb94f4 elementor-widget elementor-widget-text-editor\" data-id=\"dcb94f4\" data-element_type=\"widget\" data-widget_type=\"text-editor.default\">\n\t\t\t\t<div class=\"elementor-widget-container\">\n\t\t\t\t\t\t\t\t\t<p>Daten zur Gemeinde<br>Die Gemeinde Winkelsett ist eine von 8 Mitgliedsgemeinden der<br>Samtgemeinde Harpstedt.<br>Sie ist Teil des Landkreises Oldenburg und befindet sich im Naturpark<br>Wildeshauser Geest.<br>Aufgeliedert ist die Gemeinde in 13 Ortsteile:<\/p>\n<ul>\n<li>Barjenbruch<\/li>\n<li>Hackfeld<\/li>\n<li>Harjehausen<\/li>\n<li>Heitzhausen<\/li>\n<li>H\u00f6lingen<\/li>\n<li>Kellinghausen<\/li>\n<li>Kieselhorst<\/li>\n<li>Mahlstedt<\/li>\n<li>Reckum<\/li>\n<li>R\u00fcdebusch<\/li>\n<li>Spradau<\/li>\n<li>Winkelsett<\/li>\n<li>Wohlde<\/li>\n<\/ul>\t\t\t\t\t\t\t\t<\/div>\n\t\t\t\t<\/div>\n\t\t\t\t\t<\/div>\n\t\t<\/div>\n\t\t\t\t<div class=\"elementor-column elementor-col-50 elementor-inner-column elementor-element elementor-element-11627c3\" data-id=\"11627c3\" data-element_type=\"column\">\n\t\t\t<div class=\"elementor-widget-wrap elementor-element-populated\">\n\t\t\t\t\t\t<div class=\"elementor-element elementor-element-dc39343 elementor-widget elementor-widget-google_maps\" data-id=\"dc39343\" data-element_type=\"widget\" data-widget_type=\"google_maps.default\">\n\t\t\t\t<div class=\"elementor-widget-container\">\n\t\t\t\t\t\t\t<div class=\"elementor-custom-embed\">\n\t\t\t<iframe loading=\"lazy\"\n\t\t\t\t\tsrc=\"https:\/\/maps.google.com\/maps?q=winkelsett&#038;t=m&#038;z=11&#038;output=embed&#038;iwloc=near\"\n\t\t\t\t\ttitle=\"winkelsett\"\n\t\t\t\t\taria-label=\"winkelsett\"\n\t\t\t><\/iframe>\n\t\t<\/div>\n\t\t\t\t\t\t<\/div>\n\t\t\t\t<\/div>\n\t\t\t\t\t<\/div>\n\t\t<\/div>\n\t\t\t\t\t<\/div>\n\t\t<\/section>\n\t\t\t\t\t<\/div>\n\t\t<\/div>\n\t\t\t\t\t<\/div>\n\t\t<\/section>\n\t\t\t\t<section class=\"elementor-section elementor-top-section elementor-element elementor-element-04dc37b elementor-section-boxed elementor-section-height-default elementor-section-height-default\" data-id=\"04dc37b\" data-element_type=\"section\">\n\t\t\t\t\t\t<div class=\"elementor-container elementor-column-gap-default\">\n\t\t\t\t\t<div class=\"elementor-column elementor-col-100 elementor-top-column elementor-element elementor-element-3a1f705\" data-id=\"3a1f705\" data-element_type=\"column\">\n\t\t\t<div class=\"elementor-widget-wrap elementor-element-populated\">\n\t\t\t\t\t\t<section class=\"elementor-section elementor-inner-section elementor-element elementor-element-3351633 elementor-section-boxed elementor-section-height-default elementor-section-height-default\" data-id=\"3351633\" data-element_type=\"section\">\n\t\t\t\t\t\t<div class=\"elementor-container elementor-column-gap-default\">\n\t\t\t\t\t<div class=\"elementor-column elementor-col-50 elementor-inner-column elementor-element elementor-element-e8c7376\" data-id=\"e8c7376\" data-element_type=\"column\">\n\t\t\t<div class=\"elementor-widget-wrap elementor-element-populated\">\n\t\t\t\t\t\t<div class=\"elementor-element elementor-element-05080c8 elementor-widget elementor-widget-text-editor\" data-id=\"05080c8\" data-element_type=\"widget\" data-widget_type=\"text-editor.default\">\n\t\t\t\t<div class=\"elementor-widget-container\">\n\t\t\t\t\t\t\t\t\t\n<table id=\"tablepress-1\" class=\"tablepress tablepress-id-1\">\n<tbody>\n<tr class=\"row-1\">\n\t<td class=\"column-1\">Gr\u00f6\u00dfe<\/td><td class=\"column-2\">39,24km\u00b2<\/td>\n<\/tr>\n<tr class=\"row-2\">\n\t<td class=\"column-1\">Einwohner (Stand 31.12.2021)<\/td><td class=\"column-2\">511<\/td>\n<\/tr>\n<tr class=\"row-3\">\n\t<td class=\"column-1\">Bev\u00f6lkerungsdichte<\/td><td class=\"column-2\">13 Einwohner je km\u00b2<\/td>\n<\/tr>\n<tr class=\"row-4\">\n\t<td class=\"column-1\">Postleitzahl<\/td><td class=\"column-2\">27243<\/td>\n<\/tr>\n<tr class=\"row-5\">\n\t<td class=\"column-1\">Vorwahlen<\/td><td class=\"column-2\">04244, 04431, 04434<\/td>\n<\/tr>\n<tr class=\"row-6\">\n\t<td class=\"column-1\">Kfz-Kennzeichen<\/td><td class=\"column-2\">OL<\/td>\n<\/tr>\n<tr class=\"row-7\">\n\t<td class=\"column-1\">H\u00f6he<\/td><td class=\"column-2\">37m \u00fc. NHN<\/td>\n<\/tr>\n<tr class=\"row-8\">\n\t<td class=\"column-1\">Geografischer Breite<\/td><td class=\"column-2\">52\u00b0 52\u00b4Nord<\/td>\n<\/tr>\n<tr class=\"row-9\">\n\t<td class=\"column-1\">Geografische L\u00e4nge<\/td><td class=\"column-2\">8\u00b0 32\u00b4 Ost<\/td>\n<\/tr>\n<\/tbody>\n<\/table>\n<!-- #tablepress-1 from cache -->\t\t\t\t\t\t\t\t<\/div>\n\t\t\t\t<\/div>\n\t\t\t\t\t<\/div>\n\t\t<\/div>\n\t\t\t\t<div class=\"elementor-column elementor-col-50 elementor-inner-column elementor-element elementor-element-eac3db2\" data-id=\"eac3db2\" data-element_type=\"column\">\n\t\t\t<div class=\"elementor-widget-wrap elementor-element-populated\">\n\t\t\t\t\t\t\t<\/div>\n\t\t<\/div>\n\t\t\t\t\t<\/div>\n\t\t<\/section>\n\t\t\t\t\t<\/div>\n\t\t<\/div>\n\t\t\t\t\t<\/div>\n\t\t<\/section>\n\t\t\t\t<section class=\"elementor-section elementor-top-section elementor-element elementor-element-7e14a22 elementor-section-boxed elementor-section-height-default elementor-section-height-default\" data-id=\"7e14a22\" data-element_type=\"section\">\n\t\t\t\t\t\t<div class=\"elementor-container elementor-column-gap-default\">\n\t\t\t\t\t<div class=\"elementor-column elementor-col-100 elementor-top-column elementor-element elementor-element-d9e3f4d\" data-id=\"d9e3f4d\" data-element_type=\"column\">\n\t\t\t<div class=\"elementor-widget-wrap elementor-element-populated\">\n\t\t\t\t\t\t<div class=\"elementor-element elementor-element-9484346 elementor-widget elementor-widget-heading\" data-id=\"9484346\" data-element_type=\"widget\" data-widget_type=\"heading.default\">\n\t\t\t\t<div class=\"elementor-widget-container\">\n\t\t\t\t\t<h2 class=\"elementor-heading-title elementor-size-default\">Wappen<\/h2>\t\t\t\t<\/div>\n\t\t\t\t<\/div>\n\t\t\t\t\t<\/div>\n\t\t<\/div>\n\t\t\t\t\t<\/div>\n\t\t<\/section>\n\t\t\t\t<section class=\"elementor-section elementor-top-section elementor-element elementor-element-3be3abf elementor-section-boxed elementor-section-height-default elementor-section-height-default\" data-id=\"3be3abf\" data-element_type=\"section\">\n\t\t\t\t\t\t<div class=\"elementor-container elementor-column-gap-default\">\n\t\t\t\t\t<div class=\"elementor-column elementor-col-100 elementor-top-column elementor-element elementor-element-406407b\" data-id=\"406407b\" data-element_type=\"column\">\n\t\t\t<div class=\"elementor-widget-wrap elementor-element-populated\">\n\t\t\t\t\t\t<section class=\"elementor-section elementor-inner-section elementor-element elementor-element-14c2d98 elementor-section-boxed elementor-section-height-default elementor-section-height-default\" data-id=\"14c2d98\" data-element_type=\"section\">\n\t\t\t\t\t\t<div class=\"elementor-container elementor-column-gap-default\">\n\t\t\t\t\t<div class=\"elementor-column elementor-col-50 elementor-inner-column elementor-element elementor-element-354144b\" data-id=\"354144b\" data-element_type=\"column\">\n\t\t\t<div class=\"elementor-widget-wrap elementor-element-populated\">\n\t\t\t\t\t\t<div class=\"elementor-element elementor-element-b49af79 elementor-widget elementor-widget-text-editor\" data-id=\"b49af79\" data-element_type=\"widget\" data-widget_type=\"text-editor.default\">\n\t\t\t\t<div class=\"elementor-widget-container\">\n\t\t\t\t\t\t\t\t\t<p>Das Wappen der Gemeinde Winkelsett zeigt in Blau oben ein silbernes<\/p><p>Steingrab mit 3 Tr\u00e4gersteinen und einem Deckstein, unten einen silbernen<\/p><p>Rauhtopf.<\/p><p>Es nimmt in seiner Symbolik Bezug auf zwei kulturgeschichtliche Attraktionen,<\/p><p>n\u00e4mlich die Reckumer Steine und den Rauhtopf, der auch im Gebiet der<\/p><p>Gemeinde Winkelsett gefunden wurde.<\/p>\t\t\t\t\t\t\t\t<\/div>\n\t\t\t\t<\/div>\n\t\t\t\t\t<\/div>\n\t\t<\/div>\n\t\t\t\t<div class=\"elementor-column elementor-col-50 elementor-inner-column elementor-element elementor-element-50693ce\" data-id=\"50693ce\" data-element_type=\"column\">\n\t\t\t<div class=\"elementor-widget-wrap elementor-element-populated\">\n\t\t\t\t\t\t<div class=\"elementor-element elementor-element-60fd1cc elementor-widget elementor-widget-image\" data-id=\"60fd1cc\" data-element_type=\"widget\" data-widget_type=\"image.default\">\n\t\t\t\t<div class=\"elementor-widget-container\">\n\t\t\t\t\t\t\t\t\t\t\t\t\t\t\t<img fetchpriority=\"high\" decoding=\"async\" width=\"361\" height=\"367\" src=\"https:\/\/winkelsett.de\/wp-content\/uploads\/2022\/08\/cropped-Winkelsett.png\" class=\"attachment-large size-large wp-image-109\" alt=\"\" srcset=\"https:\/\/winkelsett.de\/wp-content\/uploads\/2022\/08\/cropped-Winkelsett.png 361w, https:\/\/winkelsett.de\/wp-content\/uploads\/2022\/08\/cropped-Winkelsett-295x300.png 295w\" sizes=\"(max-width: 361px) 100vw, 361px\" \/>\t\t\t\t\t\t\t\t\t\t\t\t\t\t\t<\/div>\n\t\t\t\t<\/div>\n\t\t\t\t\t<\/div>\n\t\t<\/div>\n\t\t\t\t\t<\/div>\n\t\t<\/section>\n\t\t\t\t\t<\/div>\n\t\t<\/div>\n\t\t\t\t\t<\/div>\n\t\t<\/section>\n\t\t\t\t<section class=\"elementor-section elementor-top-section elementor-element elementor-element-322bcb9 elementor-section-boxed elementor-section-height-default elementor-section-height-default\" data-id=\"322bcb9\" data-element_type=\"section\">\n\t\t\t\t\t\t<div class=\"elementor-container elementor-column-gap-default\">\n\t\t\t\t\t<div class=\"elementor-column elementor-col-100 elementor-top-column elementor-element elementor-element-67cf1ce\" data-id=\"67cf1ce\" data-element_type=\"column\">\n\t\t\t<div class=\"elementor-widget-wrap elementor-element-populated\">\n\t\t\t\t\t\t<div class=\"elementor-element elementor-element-fdf7db5 elementor-widget elementor-widget-heading\" data-id=\"fdf7db5\" data-element_type=\"widget\" data-widget_type=\"heading.default\">\n\t\t\t\t<div class=\"elementor-widget-container\">\n\t\t\t\t\t<h2 class=\"elementor-heading-title elementor-size-default\">Landschaft der Gemeinde Winkelsett<\/h2>\t\t\t\t<\/div>\n\t\t\t\t<\/div>\n\t\t\t\t\t<\/div>\n\t\t<\/div>\n\t\t\t\t\t<\/div>\n\t\t<\/section>\n\t\t\t\t<section class=\"elementor-section elementor-top-section elementor-element elementor-element-c7c7c62 elementor-section-boxed elementor-section-height-default elementor-section-height-default\" data-id=\"c7c7c62\" data-element_type=\"section\">\n\t\t\t\t\t\t<div class=\"elementor-container elementor-column-gap-default\">\n\t\t\t\t\t<div class=\"elementor-column elementor-col-100 elementor-top-column elementor-element elementor-element-95fc22f\" data-id=\"95fc22f\" data-element_type=\"column\">\n\t\t\t<div class=\"elementor-widget-wrap elementor-element-populated\">\n\t\t\t\t\t\t<section class=\"elementor-section elementor-inner-section elementor-element elementor-element-1b92b6c elementor-section-boxed elementor-section-height-default elementor-section-height-default\" data-id=\"1b92b6c\" data-element_type=\"section\">\n\t\t\t\t\t\t<div class=\"elementor-container elementor-column-gap-default\">\n\t\t\t\t\t<div class=\"elementor-column elementor-col-50 elementor-inner-column elementor-element elementor-element-bb86ccf\" data-id=\"bb86ccf\" data-element_type=\"column\">\n\t\t\t<div class=\"elementor-widget-wrap elementor-element-populated\">\n\t\t\t\t\t\t<div class=\"elementor-element elementor-element-d9d4d71 elementor-widget elementor-widget-text-editor\" data-id=\"d9d4d71\" data-element_type=\"widget\" data-widget_type=\"text-editor.default\">\n\t\t\t\t<div class=\"elementor-widget-container\">\n\t\t\t\t\t\t\t\t\t<p>Geologisch liegt die Gemeinde Winkelsett \u00f6stlich des Huntetals auf einer eiszeitlichen Grundmor\u00e4nenplatte. Die strukturreiche Geestlandschaft ist typisch f\u00fcr die Gemeinde. Sie ist gekennzeichnet durch die vielen kleineren Geestb\u00e4che, die Appenriede, die Katenb\u00e4ke, den Wohlbach, den K\u00f6hlbach, den Reckumer Bach, den M\u00fchlbach und den L\u00fctnantsbach, die sich durch zahlreiche kleinere teilweise naturnahe Waldgebiete schl\u00e4ngeln und eng mit landwirtschaftlichen Ackerfl\u00e4chen verzahnt sind.<\/p><p>Im Bereich der Geestb\u00e4che gibt es zahlreiche anmoorige Niederungen mit teilweisen Auw\u00e4ldern. Mit ihrer Gr\u00f6\u00dfe von 39,24km\u00b2 hat die Gemeinde Winkelsett eine sehr starke landwirtschaftliche Pr\u00e4gung. Sie bietet hervorragende M\u00f6glichkeiten der ruhigen Naherholung mit wandern, radfahren oder einer Kanutour auf der Hunte.<\/p><p>Landschaftlich reizvoll ist auch Hunte &#8211; Niederung mit ihren Abbruchkanten. Im Bereich Reckum gibt es dort die urgeschichtlichen \u201eReckumer Steine\u201c, ein pr\u00e4historisches Zeugnis, das auf die Zeit von 3400-2800 v. Chr. datiert wird. Sie stellen das \u00e4lteste Zeugnis der Besiedelung im Bereich der Gemeinde dar.<\/p>\t\t\t\t\t\t\t\t<\/div>\n\t\t\t\t<\/div>\n\t\t\t\t\t<\/div>\n\t\t<\/div>\n\t\t\t\t<div class=\"elementor-column elementor-col-50 elementor-inner-column elementor-element elementor-element-76f1bba\" data-id=\"76f1bba\" data-element_type=\"column\">\n\t\t\t<div class=\"elementor-widget-wrap elementor-element-populated\">\n\t\t\t\t\t\t<div class=\"elementor-element elementor-element-c42d0a6 elementor-widget elementor-widget-image\" data-id=\"c42d0a6\" data-element_type=\"widget\" data-widget_type=\"image.default\">\n\t\t\t\t<div class=\"elementor-widget-container\">\n\t\t\t\t\t\t\t\t\t\t\t\t\t\t\t<img decoding=\"async\" width=\"1024\" height=\"1024\" src=\"https:\/\/winkelsett.de\/wp-content\/uploads\/2022\/08\/cropped-IMG_20200412_161108-scaled-1-1024x1024.jpg\" class=\"attachment-large size-large wp-image-115\" alt=\"\" srcset=\"https:\/\/winkelsett.de\/wp-content\/uploads\/2022\/08\/cropped-IMG_20200412_161108-scaled-1-1024x1024.jpg 1024w, https:\/\/winkelsett.de\/wp-content\/uploads\/2022\/08\/cropped-IMG_20200412_161108-scaled-1-300x300.jpg 300w, https:\/\/winkelsett.de\/wp-content\/uploads\/2022\/08\/cropped-IMG_20200412_161108-scaled-1-150x150.jpg 150w, https:\/\/winkelsett.de\/wp-content\/uploads\/2022\/08\/cropped-IMG_20200412_161108-scaled-1-768x768.jpg 768w, https:\/\/winkelsett.de\/wp-content\/uploads\/2022\/08\/cropped-IMG_20200412_161108-scaled-1-1536x1536.jpg 1536w, https:\/\/winkelsett.de\/wp-content\/uploads\/2022\/08\/cropped-IMG_20200412_161108-scaled-1.jpg 1920w\" sizes=\"(max-width: 1024px) 100vw, 1024px\" \/>\t\t\t\t\t\t\t\t\t\t\t\t\t\t\t<\/div>\n\t\t\t\t<\/div>\n\t\t\t\t\t<\/div>\n\t\t<\/div>\n\t\t\t\t\t<\/div>\n\t\t<\/section>\n\t\t\t\t\t<\/div>\n\t\t<\/div>\n\t\t\t\t\t<\/div>\n\t\t<\/section>\n\t\t\t\t<\/div>\n\t\t","protected":false},"excerpt":{"rendered":"<p>Daten zur Gemeinde Daten zur GemeindeDie Gemeinde Winkelsett ist eine von 8 Mitgliedsgemeinden derSamtgemeinde Harpstedt.Sie ist Teil des Landkreises Oldenburg und befindet sich im NaturparkWildeshauser Geest.Aufgeliedert ist die Gemeinde in 13 Ortsteile: Barjenbruch Hackfeld Harjehausen Heitzhausen H\u00f6lingen Kellinghausen Kieselhorst Mahlstedt Reckum R\u00fcdebusch Spradau Winkelsett Wohlde Wappen Das Wappen der Gemeinde Winkelsett zeigt in Blau oben [&hellip;]<\/p>\n","protected":false},"author":1,"featured_media":0,"parent":0,"menu_order":0,"comment_status":"closed","ping_status":"closed","template":"","meta":{"footnotes":""},"class_list":["post-424","page","type-page","status-publish","hentry"],"aioseo_notices":[],"_links":{"self":[{"href":"https:\/\/winkelsett.de\/index.php?rest_route=\/wp\/v2\/pages\/424","targetHints":{"allow":["GET"]}}],"collection":[{"href":"https:\/\/winkelsett.de\/index.php?rest_route=\/wp\/v2\/pages"}],"about":[{"href":"https:\/\/winkelsett.de\/index.php?rest_route=\/wp\/v2\/types\/page"}],"author":[{"embeddable":true,"href":"https:\/\/winkelsett.de\/index.php?rest_route=\/wp\/v2\/users\/1"}],"replies":[{"embeddable":true,"href":"https:\/\/winkelsett.de\/index.php?rest_route=%2Fwp%2Fv2%2Fcomments&post=424"}],"version-history":[{"count":0,"href":"https:\/\/winkelsett.de\/index.php?rest_route=\/wp\/v2\/pages\/424\/revisions"}],"wp:attachment":[{"href":"https:\/\/winkelsett.de\/index.php?rest_route=%2Fwp%2Fv2%2Fmedia&parent=424"}],"curies":[{"name":"wp","href":"https:\/\/api.w.org\/{rel}","templated":true}]}}