{"id":415,"date":"2023-01-25T22:36:08","date_gmt":"2023-01-25T20:36:08","guid":{"rendered":"https:\/\/winkelsett.de\/?page_id=415"},"modified":"2023-02-04T20:14:39","modified_gmt":"2023-02-04T18:14:39","slug":"ergebnisse-kommunalwahl-2021","status":"publish","type":"page","link":"https:\/\/winkelsett.de\/?page_id=415","title":{"rendered":"Ergebnisse Kommunalwahl 2021"},"content":{"rendered":"\t\t<div data-elementor-type=\"wp-page\" data-elementor-id=\"415\" class=\"elementor elementor-415\">\n\t\t\t\t\t\t<section class=\"elementor-section elementor-top-section elementor-element elementor-element-c6ae02c elementor-section-boxed elementor-section-height-default elementor-section-height-default\" data-id=\"c6ae02c\" data-element_type=\"section\">\n\t\t\t\t\t\t<div class=\"elementor-container elementor-column-gap-default\">\n\t\t\t\t\t<div class=\"elementor-column elementor-col-100 elementor-top-column elementor-element elementor-element-0793177\" data-id=\"0793177\" data-element_type=\"column\">\n\t\t\t<div class=\"elementor-widget-wrap elementor-element-populated\">\n\t\t\t\t\t\t<div class=\"elementor-element elementor-element-b933d4f elementor-widget elementor-widget-text-editor\" data-id=\"b933d4f\" data-element_type=\"widget\" data-widget_type=\"text-editor.default\">\n\t\t\t\t<div class=\"elementor-widget-container\">\n\t\t\t\t\t\t\t\t\t<p><span style=\"background-color: #ffffff;\">Der Rat der Gemeinde Winkelsett besteht aus neun Ratsfrauen und Ratsherren. Dies ist die festgelegte Anzahl f\u00fcr die Mitgliedsgemeinde einer Samtgemeinde mit einer Einwohnerzahl zwischen 501 und 1000 Einwohnern. Die neun Ratsmitglieder werden durch eine Kommunalwahl f\u00fcr jeweils f\u00fcnf Jahre gew\u00e4hlt. Die aktuelle Amtszeit begann am 1. November 2021 und endet am 31. Oktober 2026.<\/span><\/p><p><span style=\"background-color: #ffffff;\">Weitere Details zu den Wahlergebnissen der Kommunalwahl 2021 gibt es hier:<\/span><\/p>\t\t\t\t\t\t\t\t<\/div>\n\t\t\t\t<\/div>\n\t\t\t\t\t<\/div>\n\t\t<\/div>\n\t\t\t\t\t<\/div>\n\t\t<\/section>\n\t\t\t\t<section class=\"elementor-section elementor-top-section elementor-element elementor-element-9541870 elementor-section-boxed elementor-section-height-default elementor-section-height-default\" data-id=\"9541870\" data-element_type=\"section\">\n\t\t\t\t\t\t<div class=\"elementor-container elementor-column-gap-default\">\n\t\t\t\t\t<div class=\"elementor-column elementor-col-100 elementor-top-column elementor-element elementor-element-957d879\" data-id=\"957d879\" data-element_type=\"column\">\n\t\t\t<div class=\"elementor-widget-wrap elementor-element-populated\">\n\t\t\t\t\t\t<div class=\"elementor-element elementor-element-ee0745d elementor-align-center elementor-widget elementor-widget-button\" data-id=\"ee0745d\" data-element_type=\"widget\" data-widget_type=\"button.default\">\n\t\t\t\t<div class=\"elementor-widget-container\">\n\t\t\t\t\t\t\t\t\t<div class=\"elementor-button-wrapper\">\n\t\t\t\t\t<a class=\"elementor-button elementor-button-link elementor-size-sm\" href=\"https:\/\/votemanager.kdo.de\/20210912\/034585401\/praesentation\/ergebnis.html?wahl_id=225&#038;stimmentyp=0&#038;id=ebene_8_id_2507\">\n\t\t\t\t\t\t<span class=\"elementor-button-content-wrapper\">\n\t\t\t\t\t\t\t\t\t<span class=\"elementor-button-text\">Details Kommunalwahl 2021<\/span>\n\t\t\t\t\t<\/span>\n\t\t\t\t\t<\/a>\n\t\t\t\t<\/div>\n\t\t\t\t\t\t\t\t<\/div>\n\t\t\t\t<\/div>\n\t\t\t\t\t<\/div>\n\t\t<\/div>\n\t\t\t\t\t<\/div>\n\t\t<\/section>\n\t\t\t\t<\/div>\n\t\t","protected":false},"excerpt":{"rendered":"<p>Der Rat der Gemeinde Winkelsett besteht aus neun Ratsfrauen und Ratsherren. Dies ist die festgelegte Anzahl f\u00fcr die Mitgliedsgemeinde einer Samtgemeinde mit einer Einwohnerzahl zwischen 501 und 1000 Einwohnern. Die neun Ratsmitglieder werden durch eine Kommunalwahl f\u00fcr jeweils f\u00fcnf Jahre gew\u00e4hlt. Die aktuelle Amtszeit begann am 1. November 2021 und endet am 31. Oktober 2026. [&hellip;]<\/p>\n","protected":false},"author":1,"featured_media":0,"parent":0,"menu_order":0,"comment_status":"closed","ping_status":"closed","template":"","meta":{"footnotes":""},"class_list":["post-415","page","type-page","status-publish","hentry"],"aioseo_notices":[],"_links":{"self":[{"href":"https:\/\/winkelsett.de\/index.php?rest_route=\/wp\/v2\/pages\/415","targetHints":{"allow":["GET"]}}],"collection":[{"href":"https:\/\/winkelsett.de\/index.php?rest_route=\/wp\/v2\/pages"}],"about":[{"href":"https:\/\/winkelsett.de\/index.php?rest_route=\/wp\/v2\/types\/page"}],"author":[{"embeddable":true,"href":"https:\/\/winkelsett.de\/index.php?rest_route=\/wp\/v2\/users\/1"}],"replies":[{"embeddable":true,"href":"https:\/\/winkelsett.de\/index.php?rest_route=%2Fwp%2Fv2%2Fcomments&post=415"}],"version-history":[{"count":0,"href":"https:\/\/winkelsett.de\/index.php?rest_route=\/wp\/v2\/pages\/415\/revisions"}],"wp:attachment":[{"href":"https:\/\/winkelsett.de\/index.php?rest_route=%2Fwp%2Fv2%2Fmedia&parent=415"}],"curies":[{"name":"wp","href":"https:\/\/api.w.org\/{rel}","templated":true}]}}